{"id":1093,"date":"2017-05-05T12:36:04","date_gmt":"2017-05-05T10:36:04","guid":{"rendered":"https:\/\/www.tablafina.com\/?page_id=1093"},"modified":"2020-02-11T14:24:07","modified_gmt":"2020-02-11T12:24:07","slug":"homepage","status":"publish","type":"page","link":"https:\/\/www.domoabascal.com\/en\/","title":{"rendered":"Homepage"},"content":{"rendered":"[vc_row][vc_column][rev_slider_vc alias=&#8221;sliderhomeeng&#8221;][\/vc_column][\/vc_row][vc_row css=&#8221;.vc_custom_1468483975608{margin-bottom: 20px !important;}&#8221;][vc_column width=&#8221;1\/3&#8243; css=&#8221;.vc_custom_1468483627938{margin-top: 0px !important;padding-top: 0px !important;background-position: center !important;background-repeat: no-repeat !important;background-size: cover !important;}&#8221; el_class=&#8221;home home_esq&#8221;][vc_row_inner css=&#8221;.vc_custom_1505916179726{margin-top: 0px !important;padding-top: 0px !important;}&#8221; el_class=&#8221;reservaonline&#8221;][vc_column_inner el_class=&#8221;home_nuestroequipo&#8221; css=&#8221;.vc_custom_1499766648229{background-position: center !important;background-repeat: no-repeat !important;background-size: cover !important;}&#8221;][vc_cta h2=&#8221;THE BOX&#8221; h2_font_container=&#8221;font_size:100px|color:%23020202&#8243; h2_google_fonts=&#8221;font_family:Lato%3A100%2C100italic%2C300%2C300italic%2Cregular%2Citalic%2C700%2C700italic%2C900%2C900italic|font_style:900%20bold%20regular%3A900%3Anormal&#8221; shape=&#8221;square&#8221; style=&#8221;custom&#8221; use_custom_fonts_h2=&#8221;true&#8221; custom_text=&#8221;#000000&#8243; h2_link=&#8221;url:https%3A%2F%2Fwww.domoabascal.com%2Fen%2Fthe-box%2F||target:%20_blank|&#8221; el_class=&#8221;boton_nuestroequipo&#8221;]\n[\/vc_cta][\/vc_column_inner][\/vc_row_inner][vc_empty_space height=&#8221;28&#8243;][vc_row_inner css=&#8221;.vc_custom_1458059759458{margin-top: 0px !important;padding-top: 0px !important;}&#8221; el_class=&#8221;reservaonline&#8221;][vc_column_inner el_class=&#8221;home_reservaonline&#8221; css=&#8221;.vc_custom_1499766642358{background-position: center !important;background-repeat: no-repeat !important;background-size: cover !important;}&#8221;][vc_cta h2=&#8221;BOOK ONLINE&#8221; h2_font_container=&#8221;font_size:50px|color:%23ffffff&#8221; h2_google_fonts=&#8221;font_family:Lato%3A100%2C100italic%2C300%2C300italic%2Cregular%2Citalic%2C700%2C700italic%2C900%2C900italic|font_style:900%20bold%20regular%3A900%3Anormal&#8221; txt_align=&#8221;right&#8221; shape=&#8221;square&#8221; style=&#8221;custom&#8221; use_custom_fonts_h2=&#8221;true&#8221; use_custom_fonts_h4=&#8221;true&#8221; custom_text=&#8221;#020202&#8243; h2_link=&#8221;url:https%3A%2F%2Fwww.eltenedor.es%2Frestaurante%2Fdomo-hotel-nh-collection-abascal-r73221||target:%20_blank|&#8221; el_class=&#8221;boton_reservaonline&#8221;][\/vc_cta][\/vc_column_inner][\/vc_row_inner][\/vc_column][vc_column width=&#8221;2\/3&#8243; el_class=&#8221;home home_drt&#8221;][vc_row_inner css=&#8221;.vc_custom_1458059759458{margin-top: 0px !important;padding-top: 0px !important;}&#8221; el_class=&#8221;reservaonline&#8221;][vc_column_inner el_class=&#8221;home_elrestaurante&#8221; css=&#8221;.vc_custom_1458217607817{background-position: center !important;background-repeat: no-repeat !important;background-size: cover !important;}&#8221;][vc_cta h2=&#8221;&#8221; h2_font_container=&#8221;font_size:40px|color:%23ffffff&#8221; h2_google_fonts=&#8221;font_family:Lato%3A100%2C100italic%2C300%2C300italic%2Cregular%2Citalic%2C700%2C700italic%2C900%2C900italic|font_style:900%20bold%20regular%3A900%3Anormal&#8221; shape=&#8221;square&#8221; style=&#8221;custom&#8221; use_custom_fonts_h2=&#8221;true&#8221; custom_text=&#8221;#ffffff&#8221; h2_link=&#8221;url:%2Frestaurante%2F||&#8221; el_class=&#8221;boton_elrestaurante&#8221;]\n<p><a href=\"https:\/\/www.domoabascal.com\/en\/the-restaurant\/\"><span style=\"color: #ffffff;\">DOMO located in NH Collection Abascal, brings together a unique concept and one-of-a-kind space under the guidance of chef \u00c1ngel Aylagas and the elegant dining room management of its head Ma\u00eetre, Alba Fern\u00e1ndez. .<\/span><\/a><\/p>\n<h2><a href=\"https:\/\/www.domoabascal.com\/en\/the-restaurant\/\"><span style=\"color: #ffffff;\"><span style=\"color: #ffffff;\">THE RESTAURANT<\/span><\/span><\/a><\/h2>\n[\/vc_cta][\/vc_column_inner][\/vc_row_inner][\/vc_column][\/vc_row][vc_row][vc_column width=&#8221;1\/3&#8243; css=&#8221;.vc_custom_1468483614041{margin-top: 0px !important;padding-top: 0px !important;background-position: center !important;background-repeat: no-repeat !important;background-size: cover !important;}&#8221; el_class=&#8221;home home_esq&#8221;][vc_row_inner][vc_column_inner el_class=&#8221;home_elchef&#8221; css=&#8221;.vc_custom_1458212711653{background-position: center !important;background-repeat: no-repeat !important;background-size: cover !important;}&#8221;][vc_cta h2=&#8221;&#8221; h2_font_container=&#8221;font_size:50px|color:%23ffffff&#8221; h2_google_fonts=&#8221;font_family:Lato%3A100%2C100italic%2C300%2C300italic%2Cregular%2Citalic%2C700%2C700italic%2C900%2C900italic|font_style:900%20bold%20regular%3A900%3Anormal&#8221; h4_font_container=&#8221;font_size:14px|color:%23000000|line_height:1.3&#8243; shape=&#8221;square&#8221; style=&#8221;custom&#8221; use_custom_fonts_h2=&#8221;true&#8221; use_custom_fonts_h4=&#8221;true&#8221; custom_text=&#8221;#000000&#8243; h2_link=&#8221;url:https%3A%2F%2Fwww.domoabascal.com%2Fel-chef%2F||target:%20_blank|&#8221; el_class=&#8221;boton_elchef&#8221; css=&#8221;.vc_custom_1581423160325{margin-right: 35px !important;}&#8221;]\n<p><span style=\"color: #fff; line-height: 1.3em !important; text; text-transform: uppercase; font-size: 14px; font-weight: 600;\"><a style=\"color: #fff!important;\" href=\"https:\/\/www.domoabascal.com\/en\/el-chef\/\">\u00c1ngel Aylagas, executive chef<br \/>\nhotel NH Collection Madrid Abascal<br \/>\n<\/a><\/span><\/p>\n[\/vc_cta][\/vc_column_inner][\/vc_row_inner][\/vc_column][vc_column width=&#8221;2\/3&#8243; css=&#8221;.vc_custom_1468483620742{margin-top: 0px !important;padding-top: 0px !important;}&#8221; el_class=&#8221;home home_drt&#8221;][vc_row_inner css=&#8221;.vc_custom_1458059759458{margin-top: 0px !important;padding-top: 0px !important;}&#8221; el_class=&#8221;reservaonline&#8221;][vc_column_inner el_class=&#8221;home_elhotel&#8221; css=&#8221;.vc_custom_1458216364884{background-position: center !important;background-repeat: no-repeat !important;background-size: cover !important;}&#8221;][vc_cta h2=&#8221;BOOK&#8221; h2_font_container=&#8221;font_size:25px|color:%23ffffff&#8221; h2_google_fonts=&#8221;font_family:Lato%3A100%2C100italic%2C300%2C300italic%2Cregular%2Citalic%2C700%2C700italic%2C900%2C900italic|font_style:900%20bold%20regular%3A900%3Anormal&#8221; shape=&#8221;square&#8221; style=&#8221;custom&#8221; use_custom_fonts_h2=&#8221;true&#8221; custom_text=&#8221;#000000&#8243; h2_link=&#8221;url:https%3A%2F%2Fwww.nh-hoteles.es%2Fhotel%2Fnh-collection-madrid-abascal||target:%20_blank|&#8221; el_class=&#8221;boton_reservahotel&#8221;][\/vc_cta][\/vc_column_inner][\/vc_row_inner][\/vc_column][\/vc_row]\n","protected":false},"excerpt":{"rendered":"<p>[vc_row][vc_column][rev_slider_vc alias=&#8221;sliderhomeeng&#8221;][\/vc_column][\/vc_row][vc_row css=&#8221;.vc_custom_1468483975608{margin-bottom: 20px !important;}&#8221;][vc_column width=&#8221;1\/3&#8243; css=&#8221;.vc_custom_1468483627938{margin-top: 0px !important;padding-top: 0px !important;background-position: center !important;background-repeat: no-repeat !important;background-size: cover !important;}&#8221; el_class=&#8221;home home_esq&#8221;][vc_row_inner css=&#8221;.vc_custom_1505916179726{margin-top: 0px !important;padding-top: 0px !important;}&#8221; el_class=&#8221;reservaonline&#8221;][vc_column_inner el_class=&#8221;home_nuestroequipo&#8221; css=&#8221;.vc_custom_1499766648229{background-position: center !important;background-repeat: no-repeat !important;background-size: cover !important;}&#8221;][vc_cta h2=&#8221;THE BOX&#8221; h2_font_container=&#8221;font_size:100px|color:%23020202&#8243; h2_google_fonts=&#8221;font_family:Lato%3A100%2C100italic%2C300%2C300italic%2Cregular%2Citalic%2C700%2C700italic%2C900%2C900italic|font_style:900%20bold%20regular%3A900%3Anormal&#8221; shape=&#8221;square&#8221; style=&#8221;custom&#8221; use_custom_fonts_h2=&#8221;true&#8221; custom_text=&#8221;#000000&#8243; h2_link=&#8221;url:https%3A%2F%2Fwww.domoabascal.com%2Fen%2Fthe-box%2F||target:%20_blank|&#8221; el_class=&#8221;boton_nuestroequipo&#8221;] [\/vc_cta][\/vc_column_inner][\/vc_row_inner][vc_empty_space height=&#8221;28&#8243;][vc_row_inner css=&#8221;.vc_custom_1458059759458{margin-top: 0px !important;padding-top: 0px !important;}&#8221; el_class=&#8221;reservaonline&#8221;][vc_column_inner el_class=&#8221;home_reservaonline&#8221; css=&#8221;.vc_custom_1499766642358{background-position: center !important;background-repeat: [&hellip;]<\/p>\n","protected":false},"author":1,"featured_media":0,"parent":1191,"menu_order":0,"comment_status":"closed","ping_status":"closed","template":"","meta":{"footnotes":""},"class_list":["post-1093","page","type-page","status-publish","hentry"],"yoast_head":"<!-- This site is optimized with the Yoast SEO plugin v26.3 - https:\/\/yoast.com\/wordpress\/plugins\/seo\/ -->\n<title>Restaurante DOMO | NH Collection Madrid Abascal****<\/title>\n<meta name=\"robots\" content=\"index, follow, max-snippet:-1, max-image-preview:large, max-video-preview:-1\" \/>\n<link rel=\"canonical\" href=\"https:\/\/www.domoabascal.com\/en\/\" \/>\n<meta property=\"og:locale\" content=\"en_US\" \/>\n<meta property=\"og:type\" content=\"article\" \/>\n<meta property=\"og:title\" content=\"Restaurante DOMO | NH Collection Madrid Abascal****\" \/>\n<meta property=\"og:description\" content=\"[vc_row][vc_column][rev_slider_vc alias=&#8221;sliderhomeeng&#8221;][\/vc_column][\/vc_row][vc_row css=&#8221;.vc_custom_1468483975608{margin-bottom: 20px !important;}&#8221;][vc_column width=&#8221;1\/3&#8243; css=&#8221;.vc_custom_1468483627938{margin-top: 0px !important;padding-top: 0px !important;background-position: center !important;background-repeat: no-repeat !important;background-size: cover !important;}&#8221; el_class=&#8221;home home_esq&#8221;][vc_row_inner css=&#8221;.vc_custom_1505916179726{margin-top: 0px !important;padding-top: 0px !important;}&#8221; el_class=&#8221;reservaonline&#8221;][vc_column_inner el_class=&#8221;home_nuestroequipo&#8221; css=&#8221;.vc_custom_1499766648229{background-position: center !important;background-repeat: no-repeat !important;background-size: cover !important;}&#8221;][vc_cta h2=&#8221;THE BOX&#8221; h2_font_container=&#8221;font_size:100px|color:%23020202&#8243; h2_google_fonts=&#8221;font_family:Lato%3A100%2C100italic%2C300%2C300italic%2Cregular%2Citalic%2C700%2C700italic%2C900%2C900italic|font_style:900%20bold%20regular%3A900%3Anormal&#8221; shape=&#8221;square&#8221; style=&#8221;custom&#8221; use_custom_fonts_h2=&#8221;true&#8221; custom_text=&#8221;#000000&#8243; h2_link=&#8221;url:https%3A%2F%2Fwww.domoabascal.com%2Fen%2Fthe-box%2F||target:%20_blank|&#8221; el_class=&#8221;boton_nuestroequipo&#8221;] [\/vc_cta][\/vc_column_inner][\/vc_row_inner][vc_empty_space height=&#8221;28&#8243;][vc_row_inner css=&#8221;.vc_custom_1458059759458{margin-top: 0px !important;padding-top: 0px !important;}&#8221; el_class=&#8221;reservaonline&#8221;][vc_column_inner el_class=&#8221;home_reservaonline&#8221; css=&#8221;.vc_custom_1499766642358{background-position: center !important;background-repeat: [&hellip;]\" \/>\n<meta property=\"og:url\" content=\"https:\/\/www.domoabascal.com\/en\/\" \/>\n<meta property=\"og:site_name\" content=\"Domo Abascal\" \/>\n<meta property=\"article:modified_time\" content=\"2020-02-11T12:24:07+00:00\" \/>\n<meta name=\"twitter:card\" content=\"summary_large_image\" \/>\n<meta name=\"twitter:label1\" content=\"Est. reading time\" \/>\n\t<meta name=\"twitter:data1\" content=\"4 minutes\" \/>\n<script type=\"application\/ld+json\" class=\"yoast-schema-graph\">{\"@context\":\"https:\/\/schema.org\",\"@graph\":[{\"@type\":\"WebPage\",\"@id\":\"https:\/\/www.domoabascal.com\/en\/\",\"url\":\"https:\/\/www.domoabascal.com\/en\/\",\"name\":\"Restaurante DOMO | NH Collection Madrid Abascal****\",\"isPartOf\":{\"@id\":\"https:\/\/www.domoabascal.com\/#website\"},\"datePublished\":\"2017-05-05T10:36:04+00:00\",\"dateModified\":\"2020-02-11T12:24:07+00:00\",\"breadcrumb\":{\"@id\":\"https:\/\/www.domoabascal.com\/en\/#breadcrumb\"},\"inLanguage\":\"en-US\",\"potentialAction\":[{\"@type\":\"ReadAction\",\"target\":[\"https:\/\/www.domoabascal.com\/en\/\"]}]},{\"@type\":\"BreadcrumbList\",\"@id\":\"https:\/\/www.domoabascal.com\/en\/#breadcrumb\",\"itemListElement\":[{\"@type\":\"ListItem\",\"position\":1,\"name\":\"Home\",\"item\":\"https:\/\/www.domoabascal.com\/en\/\"},{\"@type\":\"ListItem\",\"position\":2,\"name\":\"Gallery\",\"item\":\"https:\/\/www.domoabascal.com\/en\/gallery\/\"},{\"@type\":\"ListItem\",\"position\":3,\"name\":\"Homepage\"}]},{\"@type\":\"WebSite\",\"@id\":\"https:\/\/www.domoabascal.com\/#website\",\"url\":\"https:\/\/www.domoabascal.com\/\",\"name\":\"Domo Abascal\",\"description\":\"Cocina contempor\u00e1nea\",\"potentialAction\":[{\"@type\":\"SearchAction\",\"target\":{\"@type\":\"EntryPoint\",\"urlTemplate\":\"https:\/\/www.domoabascal.com\/?s={search_term_string}\"},\"query-input\":{\"@type\":\"PropertyValueSpecification\",\"valueRequired\":true,\"valueName\":\"search_term_string\"}}],\"inLanguage\":\"en-US\"}]}<\/script>\n<!-- \/ Yoast SEO plugin. -->","yoast_head_json":{"title":"Restaurante DOMO | NH Collection Madrid Abascal****","robots":{"index":"index","follow":"follow","max-snippet":"max-snippet:-1","max-image-preview":"max-image-preview:large","max-video-preview":"max-video-preview:-1"},"canonical":"https:\/\/www.domoabascal.com\/en\/","og_locale":"en_US","og_type":"article","og_title":"Restaurante DOMO | NH Collection Madrid Abascal****","og_description":"[vc_row][vc_column][rev_slider_vc alias=&#8221;sliderhomeeng&#8221;][\/vc_column][\/vc_row][vc_row css=&#8221;.vc_custom_1468483975608{margin-bottom: 20px !important;}&#8221;][vc_column width=&#8221;1\/3&#8243; css=&#8221;.vc_custom_1468483627938{margin-top: 0px !important;padding-top: 0px !important;background-position: center !important;background-repeat: no-repeat !important;background-size: cover !important;}&#8221; el_class=&#8221;home home_esq&#8221;][vc_row_inner css=&#8221;.vc_custom_1505916179726{margin-top: 0px !important;padding-top: 0px !important;}&#8221; el_class=&#8221;reservaonline&#8221;][vc_column_inner el_class=&#8221;home_nuestroequipo&#8221; css=&#8221;.vc_custom_1499766648229{background-position: center !important;background-repeat: no-repeat !important;background-size: cover !important;}&#8221;][vc_cta h2=&#8221;THE BOX&#8221; h2_font_container=&#8221;font_size:100px|color:%23020202&#8243; h2_google_fonts=&#8221;font_family:Lato%3A100%2C100italic%2C300%2C300italic%2Cregular%2Citalic%2C700%2C700italic%2C900%2C900italic|font_style:900%20bold%20regular%3A900%3Anormal&#8221; shape=&#8221;square&#8221; style=&#8221;custom&#8221; use_custom_fonts_h2=&#8221;true&#8221; custom_text=&#8221;#000000&#8243; h2_link=&#8221;url:https%3A%2F%2Fwww.domoabascal.com%2Fen%2Fthe-box%2F||target:%20_blank|&#8221; el_class=&#8221;boton_nuestroequipo&#8221;] [\/vc_cta][\/vc_column_inner][\/vc_row_inner][vc_empty_space height=&#8221;28&#8243;][vc_row_inner css=&#8221;.vc_custom_1458059759458{margin-top: 0px !important;padding-top: 0px !important;}&#8221; el_class=&#8221;reservaonline&#8221;][vc_column_inner el_class=&#8221;home_reservaonline&#8221; css=&#8221;.vc_custom_1499766642358{background-position: center !important;background-repeat: [&hellip;]","og_url":"https:\/\/www.domoabascal.com\/en\/","og_site_name":"Domo Abascal","article_modified_time":"2020-02-11T12:24:07+00:00","twitter_card":"summary_large_image","twitter_misc":{"Est. reading time":"4 minutes"},"schema":{"@context":"https:\/\/schema.org","@graph":[{"@type":"WebPage","@id":"https:\/\/www.domoabascal.com\/en\/","url":"https:\/\/www.domoabascal.com\/en\/","name":"Restaurante DOMO | NH Collection Madrid Abascal****","isPartOf":{"@id":"https:\/\/www.domoabascal.com\/#website"},"datePublished":"2017-05-05T10:36:04+00:00","dateModified":"2020-02-11T12:24:07+00:00","breadcrumb":{"@id":"https:\/\/www.domoabascal.com\/en\/#breadcrumb"},"inLanguage":"en-US","potentialAction":[{"@type":"ReadAction","target":["https:\/\/www.domoabascal.com\/en\/"]}]},{"@type":"BreadcrumbList","@id":"https:\/\/www.domoabascal.com\/en\/#breadcrumb","itemListElement":[{"@type":"ListItem","position":1,"name":"Home","item":"https:\/\/www.domoabascal.com\/en\/"},{"@type":"ListItem","position":2,"name":"Gallery","item":"https:\/\/www.domoabascal.com\/en\/gallery\/"},{"@type":"ListItem","position":3,"name":"Homepage"}]},{"@type":"WebSite","@id":"https:\/\/www.domoabascal.com\/#website","url":"https:\/\/www.domoabascal.com\/","name":"Domo Abascal","description":"Cocina contempor\u00e1nea","potentialAction":[{"@type":"SearchAction","target":{"@type":"EntryPoint","urlTemplate":"https:\/\/www.domoabascal.com\/?s={search_term_string}"},"query-input":{"@type":"PropertyValueSpecification","valueRequired":true,"valueName":"search_term_string"}}],"inLanguage":"en-US"}]}},"_links":{"self":[{"href":"https:\/\/www.domoabascal.com\/en\/wp-json\/wp\/v2\/pages\/1093","targetHints":{"allow":["GET"]}}],"collection":[{"href":"https:\/\/www.domoabascal.com\/en\/wp-json\/wp\/v2\/pages"}],"about":[{"href":"https:\/\/www.domoabascal.com\/en\/wp-json\/wp\/v2\/types\/page"}],"author":[{"embeddable":true,"href":"https:\/\/www.domoabascal.com\/en\/wp-json\/wp\/v2\/users\/1"}],"replies":[{"embeddable":true,"href":"https:\/\/www.domoabascal.com\/en\/wp-json\/wp\/v2\/comments?post=1093"}],"version-history":[{"count":0,"href":"https:\/\/www.domoabascal.com\/en\/wp-json\/wp\/v2\/pages\/1093\/revisions"}],"up":[{"embeddable":true,"href":"https:\/\/www.domoabascal.com\/en\/wp-json\/wp\/v2\/pages\/1191"}],"wp:attachment":[{"href":"https:\/\/www.domoabascal.com\/en\/wp-json\/wp\/v2\/media?parent=1093"}],"curies":[{"name":"wp","href":"https:\/\/api.w.org\/{rel}","templated":true}]}}