{"id":1098,"date":"2017-05-05T12:41:16","date_gmt":"2017-05-05T10:41:16","guid":{"rendered":"https:\/\/www.tablafina.com\/?page_id=1098"},"modified":"2023-03-17T10:53:37","modified_gmt":"2023-03-17T08:53:37","slug":"the-restaurant","status":"publish","type":"page","link":"https:\/\/www.domoabascal.com\/en\/the-restaurant\/","title":{"rendered":"The Restaurant"},"content":{"rendered":"[vc_row full_width=&#8221;stretch_row&#8221; equal_height=&#8221;yes&#8221; el_class=&#8221;imagenes_recurso&#8221;][vc_column width=&#8221;1\/3&#8243; css=&#8221;.vc_custom_1679043097819{margin-top: 0px !important;margin-right: 0px !important;margin-bottom: 0px !important;margin-left: 0px !important;padding-top: 0px !important;padding-right: 0px !important;padding-bottom: 0px !important;padding-left: 0px !important;background-position: center !important;background-repeat: no-repeat !important;background-size: cover !important;}&#8221; offset=&#8221;vc_hidden-xs&#8221;][vc_single_image image=&#8221;2679&#8243; img_size=&#8221;full&#8221;][\/vc_column][vc_column width=&#8221;1\/3&#8243; css=&#8221;.vc_custom_1679043108170{margin-top: 0px !important;margin-right: 0px !important;margin-bottom: 0px !important;margin-left: 0px !important;padding-top: 0px !important;padding-right: 0px !important;padding-bottom: 0px !important;padding-left: 0px !important;}&#8221;][vc_single_image image=&#8221;2677&#8243; img_size=&#8221;full&#8221;][\/vc_column][vc_column width=&#8221;1\/3&#8243; css=&#8221;.vc_custom_1679043117060{margin-top: 0px !important;margin-right: 0px !important;margin-bottom: 0px !important;margin-left: 0px !important;padding-top: 0px !important;padding-right: 0px !important;padding-bottom: 0px !important;padding-left: 0px !important;}&#8221;][vc_single_image image=&#8221;2675&#8243; img_size=&#8221;full&#8221;][\/vc_column][\/vc_row][vc_row][vc_column el_class=&#8221;contenido_restaurante&#8221;][vc_custom_heading text=&#8221;THE RESTAURANT&#8221; font_container=&#8221;tag:h2|font_size:50px|text_align:left|color:%23c3c3c3&#8243; google_fonts=&#8221;font_family:Lato%3A100%2C100italic%2C300%2C300italic%2Cregular%2Citalic%2C700%2C700italic%2C900%2C900italic|font_style:900%20bold%20regular%3A900%3Anormal&#8221;][vc_column_text el_class=&#8221;doscolumnas&#8221;]<strong>DOMO<\/strong>, located in <strong>NH Collection Madrid Abascal<\/strong>, brings together a unique concept and one-of-a-kind space under the guidance of chef \u00c1ngel Aylagas and the elegant dining room management of its head Ma\u00eetre, Vanesa Gal\u00e1n.<\/p>\n<p>NH Collection Madrid Abascal allows the best local cuisine to be enjoyed and boasts the unquestionable hallmark of its chef. All of this allows for a fantastic world-class dining experience to be enjoyed, in every respect.<\/p>\n<p>It also has its revamped The Box\u00a0 which includes different miniature versions of avant-garde cuisine culinary selections.<\/p>\n<p>The offer is completed with the hotel terrace where you can try its tapas accompanied by a selection of wines and drinks. During the evenings, it is a place where you can try unique cocktails.<\/p>\n<p><strong>Contemporary cuisine<\/strong><\/p>\n<p>An avant-garde cuisine that incorporates big tastes and a combination of the best ingredients prepared by its chef \u00c1ngel Aylagas.<\/p>\n<p>Traditional dishes that are added to the menu with a twist, like the tomato salmorejo with scallop and shrimp ceviche. Or where dishes of diverse cultural influences are included, like the tiradito de bacalao (dish of raw cod) with a Bilbao-style jalape\u00f1o and soy mayonnaise sauce or its caramelized foie with a spice bread and nut crust.<\/p>\n<p>On the restaurant\u2019s menu, centered on the product and with an outstanding rotation, natural ingredients prevail. Seemingly simple dishes that allow you to savour top quality meat and fish, as well as fresh vegetables that are always seasonal.<\/p>\n<p>Never forgetting the world of wine, which Vanesa Gal\u00e1n carefully works on with dynamic lists, keeping up with the selections from the best wineries, no matter their location or size. Quality is the basic principle. Aware of it, Vanesa pairs the tastes that \u00c1ngel creates with the best local and international wines.<\/p>\n<p><strong>Cocktail bar<\/strong><\/p>\n<p>The hotel boasts Cocktail Bar, where you can taste his cocktails. Also, in the evenings you can enjoy them on its terrace that becomes a modern and sophisticated place where, in addition to having dinner or a bite to eat, you can try exclusive cocktails.<\/p>\n<p>Very creative cocktails but also classics, with a wide variety of gins, vodkas, whiskeys, beers and champagnes. A selection with all of the latest to satisfy all tastes.[\/vc_column_text][\/vc_column][\/vc_row]\n","protected":false},"excerpt":{"rendered":"<p>[vc_row full_width=&#8221;stretch_row&#8221; equal_height=&#8221;yes&#8221; el_class=&#8221;imagenes_recurso&#8221;][vc_column width=&#8221;1\/3&#8243; css=&#8221;.vc_custom_1679043097819{margin-top: 0px !important;margin-right: 0px !important;margin-bottom: 0px !important;margin-left: 0px !important;padding-top: 0px !important;padding-right: 0px !important;padding-bottom: 0px !important;padding-left: 0px !important;background-position: center !important;background-repeat: no-repeat !important;background-size: cover !important;}&#8221; offset=&#8221;vc_hidden-xs&#8221;][vc_single_image image=&#8221;2679&#8243; img_size=&#8221;full&#8221;][\/vc_column][vc_column width=&#8221;1\/3&#8243; css=&#8221;.vc_custom_1679043108170{margin-top: 0px !important;margin-right: 0px !important;margin-bottom: 0px !important;margin-left: 0px !important;padding-top: 0px !important;padding-right: 0px !important;padding-bottom: 0px !important;padding-left: 0px !important;}&#8221;][vc_single_image image=&#8221;2677&#8243; img_size=&#8221;full&#8221;][\/vc_column][vc_column width=&#8221;1\/3&#8243; css=&#8221;.vc_custom_1679043117060{margin-top: 0px !important;margin-right: [&hellip;]<\/p>\n","protected":false},"author":1,"featured_media":0,"parent":0,"menu_order":0,"comment_status":"closed","ping_status":"closed","template":"","meta":{"footnotes":""},"class_list":["post-1098","page","type-page","status-publish","hentry"],"yoast_head":"<!-- This site is optimized with the Yoast SEO plugin v26.3 - https:\/\/yoast.com\/wordpress\/plugins\/seo\/ -->\n<title>The Restaurant | Domo Abascal<\/title>\n<meta name=\"description\" content=\"DOMO, located in NH Collection Abascal, brings together a unique concept and one-of-a-kind space under the guidance of chef \u00c1ngel Aylagas.\" \/>\n<meta name=\"robots\" content=\"index, follow, max-snippet:-1, max-image-preview:large, max-video-preview:-1\" \/>\n<link rel=\"canonical\" href=\"https:\/\/www.domoabascal.com\/en\/the-restaurant\/\" \/>\n<meta property=\"og:locale\" content=\"en_US\" \/>\n<meta property=\"og:type\" content=\"article\" \/>\n<meta property=\"og:title\" content=\"The Restaurant | Domo Abascal\" \/>\n<meta property=\"og:description\" content=\"DOMO, located in NH Collection Abascal, brings together a unique concept and one-of-a-kind space under the guidance of chef \u00c1ngel Aylagas.\" \/>\n<meta property=\"og:url\" content=\"https:\/\/www.domoabascal.com\/en\/the-restaurant\/\" \/>\n<meta property=\"og:site_name\" content=\"Domo Abascal\" \/>\n<meta property=\"article:modified_time\" content=\"2023-03-17T08:53:37+00:00\" \/>\n<meta name=\"twitter:card\" content=\"summary_large_image\" \/>\n<meta name=\"twitter:label1\" content=\"Est. reading time\" \/>\n\t<meta name=\"twitter:data1\" content=\"3 minutes\" \/>\n<script type=\"application\/ld+json\" class=\"yoast-schema-graph\">{\"@context\":\"https:\/\/schema.org\",\"@graph\":[{\"@type\":\"WebPage\",\"@id\":\"https:\/\/www.domoabascal.com\/en\/the-restaurant\/\",\"url\":\"https:\/\/www.domoabascal.com\/en\/the-restaurant\/\",\"name\":\"The Restaurant | Domo Abascal\",\"isPartOf\":{\"@id\":\"https:\/\/www.domoabascal.com\/#website\"},\"datePublished\":\"2017-05-05T10:41:16+00:00\",\"dateModified\":\"2023-03-17T08:53:37+00:00\",\"description\":\"DOMO, located in NH Collection Abascal, brings together a unique concept and one-of-a-kind space under the guidance of chef \u00c1ngel Aylagas.\",\"breadcrumb\":{\"@id\":\"https:\/\/www.domoabascal.com\/en\/the-restaurant\/#breadcrumb\"},\"inLanguage\":\"en-US\",\"potentialAction\":[{\"@type\":\"ReadAction\",\"target\":[\"https:\/\/www.domoabascal.com\/en\/the-restaurant\/\"]}]},{\"@type\":\"BreadcrumbList\",\"@id\":\"https:\/\/www.domoabascal.com\/en\/the-restaurant\/#breadcrumb\",\"itemListElement\":[{\"@type\":\"ListItem\",\"position\":1,\"name\":\"Home\",\"item\":\"https:\/\/www.domoabascal.com\/en\/\"},{\"@type\":\"ListItem\",\"position\":2,\"name\":\"The Restaurant\"}]},{\"@type\":\"WebSite\",\"@id\":\"https:\/\/www.domoabascal.com\/#website\",\"url\":\"https:\/\/www.domoabascal.com\/\",\"name\":\"Domo Abascal\",\"description\":\"Cocina contempor\u00e1nea\",\"potentialAction\":[{\"@type\":\"SearchAction\",\"target\":{\"@type\":\"EntryPoint\",\"urlTemplate\":\"https:\/\/www.domoabascal.com\/?s={search_term_string}\"},\"query-input\":{\"@type\":\"PropertyValueSpecification\",\"valueRequired\":true,\"valueName\":\"search_term_string\"}}],\"inLanguage\":\"en-US\"}]}<\/script>\n<!-- \/ Yoast SEO plugin. -->","yoast_head_json":{"title":"The Restaurant | Domo Abascal","description":"DOMO, located in NH Collection Abascal, brings together a unique concept and one-of-a-kind space under the guidance of chef \u00c1ngel Aylagas.","robots":{"index":"index","follow":"follow","max-snippet":"max-snippet:-1","max-image-preview":"max-image-preview:large","max-video-preview":"max-video-preview:-1"},"canonical":"https:\/\/www.domoabascal.com\/en\/the-restaurant\/","og_locale":"en_US","og_type":"article","og_title":"The Restaurant | Domo Abascal","og_description":"DOMO, located in NH Collection Abascal, brings together a unique concept and one-of-a-kind space under the guidance of chef \u00c1ngel Aylagas.","og_url":"https:\/\/www.domoabascal.com\/en\/the-restaurant\/","og_site_name":"Domo Abascal","article_modified_time":"2023-03-17T08:53:37+00:00","twitter_card":"summary_large_image","twitter_misc":{"Est. reading time":"3 minutes"},"schema":{"@context":"https:\/\/schema.org","@graph":[{"@type":"WebPage","@id":"https:\/\/www.domoabascal.com\/en\/the-restaurant\/","url":"https:\/\/www.domoabascal.com\/en\/the-restaurant\/","name":"The Restaurant | Domo Abascal","isPartOf":{"@id":"https:\/\/www.domoabascal.com\/#website"},"datePublished":"2017-05-05T10:41:16+00:00","dateModified":"2023-03-17T08:53:37+00:00","description":"DOMO, located in NH Collection Abascal, brings together a unique concept and one-of-a-kind space under the guidance of chef \u00c1ngel Aylagas.","breadcrumb":{"@id":"https:\/\/www.domoabascal.com\/en\/the-restaurant\/#breadcrumb"},"inLanguage":"en-US","potentialAction":[{"@type":"ReadAction","target":["https:\/\/www.domoabascal.com\/en\/the-restaurant\/"]}]},{"@type":"BreadcrumbList","@id":"https:\/\/www.domoabascal.com\/en\/the-restaurant\/#breadcrumb","itemListElement":[{"@type":"ListItem","position":1,"name":"Home","item":"https:\/\/www.domoabascal.com\/en\/"},{"@type":"ListItem","position":2,"name":"The Restaurant"}]},{"@type":"WebSite","@id":"https:\/\/www.domoabascal.com\/#website","url":"https:\/\/www.domoabascal.com\/","name":"Domo Abascal","description":"Cocina contempor\u00e1nea","potentialAction":[{"@type":"SearchAction","target":{"@type":"EntryPoint","urlTemplate":"https:\/\/www.domoabascal.com\/?s={search_term_string}"},"query-input":{"@type":"PropertyValueSpecification","valueRequired":true,"valueName":"search_term_string"}}],"inLanguage":"en-US"}]}},"_links":{"self":[{"href":"https:\/\/www.domoabascal.com\/en\/wp-json\/wp\/v2\/pages\/1098","targetHints":{"allow":["GET"]}}],"collection":[{"href":"https:\/\/www.domoabascal.com\/en\/wp-json\/wp\/v2\/pages"}],"about":[{"href":"https:\/\/www.domoabascal.com\/en\/wp-json\/wp\/v2\/types\/page"}],"author":[{"embeddable":true,"href":"https:\/\/www.domoabascal.com\/en\/wp-json\/wp\/v2\/users\/1"}],"replies":[{"embeddable":true,"href":"https:\/\/www.domoabascal.com\/en\/wp-json\/wp\/v2\/comments?post=1098"}],"version-history":[{"count":4,"href":"https:\/\/www.domoabascal.com\/en\/wp-json\/wp\/v2\/pages\/1098\/revisions"}],"predecessor-version":[{"id":2706,"href":"https:\/\/www.domoabascal.com\/en\/wp-json\/wp\/v2\/pages\/1098\/revisions\/2706"}],"wp:attachment":[{"href":"https:\/\/www.domoabascal.com\/en\/wp-json\/wp\/v2\/media?parent=1098"}],"curies":[{"name":"wp","href":"https:\/\/api.w.org\/{rel}","templated":true}]}}